{"id":5477,"date":"2022-10-26T09:23:20","date_gmt":"2022-10-26T07:23:20","guid":{"rendered":"https:\/\/www.noblezadelsur.com\/tienda\/?post_type=product&#038;p=5477"},"modified":"2026-04-14T14:18:50","modified_gmt":"2026-04-14T12:18:50","slug":"novo-nueva-cosecha","status":"publish","type":"product","link":"https:\/\/www.noblezadelsur.com\/tienda\/producto\/novo-nueva-cosecha\/","title":{"rendered":"NOVO &#8211; Nueva cosecha 25\/26"},"content":{"rendered":"<p><b>COSECHA TEMPRANA NOVO EDICION LIMITADA<br \/>\n<\/b>ACEITE DE OLIVA VIRGEN EXTRA<br \/>\nCOSECHA TEMPRANA &#8211; OCTUBRE<\/p>\n","protected":false},"excerpt":{"rendered":"<p>COSECHA TEMPRANA NOVO EDICION LIMITADA ACEITE DE OLIVA VIRGEN EXTRA COSECHA TEMPRANA &#8211; OCTUBRE<\/p>\n","protected":false},"featured_media":100296,"template":"","meta":{"_acf_changed":false,"_et_pb_use_builder":"","_et_pb_old_content":"","_et_gb_content_width":"","_joinchat":[]},"product_brand":[],"product_cat":[315],"product_tag":[],"class_list":{"0":"post-5477","1":"product","2":"type-product","3":"status-publish","4":"has-post-thumbnail","6":"product_cat-aove-novo","8":"first","9":"instock","10":"featured","11":"taxable","12":"shipping-taxable","13":"purchasable","14":"product-type-simple"},"acf":[],"yoast_head":"<!-- This site is optimized with the Yoast SEO plugin v27.3 - https:\/\/yoast.com\/product\/yoast-seo-wordpress\/ -->\n<title>NOVO - Nueva cosecha 25\/26 - NOBLEZA DEL SUR - ACEITE DE OLIVA VIRGEN EXTRA - ACEITES CASTELLAR<\/title>\n<meta name=\"robots\" content=\"index, follow, max-snippet:-1, max-image-preview:large, max-video-preview:-1\" \/>\n<link rel=\"canonical\" href=\"https:\/\/www.noblezadelsur.com\/tienda\/producto\/novo-nueva-cosecha\/\" \/>\n<meta property=\"og:locale\" content=\"es_ES\" \/>\n<meta property=\"og:type\" content=\"article\" \/>\n<meta property=\"og:title\" content=\"NOVO - Nueva cosecha 25\/26 - NOBLEZA DEL SUR - ACEITE DE OLIVA VIRGEN EXTRA - ACEITES CASTELLAR\" \/>\n<meta property=\"og:description\" content=\"COSECHA TEMPRANA NOVO EDICION LIMITADA ACEITE DE OLIVA VIRGEN EXTRA COSECHA TEMPRANA &#8211; OCTUBRE\" \/>\n<meta property=\"og:url\" content=\"https:\/\/www.noblezadelsur.com\/tienda\/producto\/novo-nueva-cosecha\/\" \/>\n<meta property=\"og:site_name\" content=\"NOBLEZA DEL SUR - ACEITE DE OLIVA VIRGEN EXTRA - ACEITES CASTELLAR\" \/>\n<meta property=\"article:modified_time\" content=\"2026-04-14T12:18:50+00:00\" \/>\n<meta property=\"og:image\" content=\"https:\/\/www.noblezadelsur.com\/tienda\/wp-content\/uploads\/2022\/10\/NOVO-SOLA.png\" \/>\n\t<meta property=\"og:image:width\" content=\"1300\" \/>\n\t<meta property=\"og:image:height\" content=\"1300\" \/>\n\t<meta property=\"og:image:type\" content=\"image\/png\" \/>\n<meta name=\"twitter:label1\" content=\"Tiempo de lectura\" \/>\n\t<meta name=\"twitter:data1\" content=\"1 minuto\" \/>\n<script type=\"application\/ld+json\" class=\"yoast-schema-graph\">{\"@context\":\"https:\\\/\\\/schema.org\",\"@graph\":[{\"@type\":\"WebPage\",\"@id\":\"https:\\\/\\\/www.noblezadelsur.com\\\/tienda\\\/producto\\\/novo-nueva-cosecha\\\/\",\"url\":\"https:\\\/\\\/www.noblezadelsur.com\\\/tienda\\\/producto\\\/novo-nueva-cosecha\\\/\",\"name\":\"NOVO - Nueva cosecha 25\\\/26 - NOBLEZA DEL SUR - ACEITE DE OLIVA VIRGEN EXTRA - ACEITES CASTELLAR\",\"isPartOf\":{\"@id\":\"https:\\\/\\\/www.noblezadelsur.com\\\/tienda\\\/#website\"},\"primaryImageOfPage\":{\"@id\":\"https:\\\/\\\/www.noblezadelsur.com\\\/tienda\\\/producto\\\/novo-nueva-cosecha\\\/#primaryimage\"},\"image\":{\"@id\":\"https:\\\/\\\/www.noblezadelsur.com\\\/tienda\\\/producto\\\/novo-nueva-cosecha\\\/#primaryimage\"},\"thumbnailUrl\":\"https:\\\/\\\/www.noblezadelsur.com\\\/tienda\\\/wp-content\\\/uploads\\\/2022\\\/10\\\/NOVO-SOLA.png\",\"datePublished\":\"2022-10-26T07:23:20+00:00\",\"dateModified\":\"2026-04-14T12:18:50+00:00\",\"breadcrumb\":{\"@id\":\"https:\\\/\\\/www.noblezadelsur.com\\\/tienda\\\/producto\\\/novo-nueva-cosecha\\\/#breadcrumb\"},\"inLanguage\":\"es\",\"potentialAction\":[{\"@type\":\"ReadAction\",\"target\":[\"https:\\\/\\\/www.noblezadelsur.com\\\/tienda\\\/producto\\\/novo-nueva-cosecha\\\/\"]}]},{\"@type\":\"ImageObject\",\"inLanguage\":\"es\",\"@id\":\"https:\\\/\\\/www.noblezadelsur.com\\\/tienda\\\/producto\\\/novo-nueva-cosecha\\\/#primaryimage\",\"url\":\"https:\\\/\\\/www.noblezadelsur.com\\\/tienda\\\/wp-content\\\/uploads\\\/2022\\\/10\\\/NOVO-SOLA.png\",\"contentUrl\":\"https:\\\/\\\/www.noblezadelsur.com\\\/tienda\\\/wp-content\\\/uploads\\\/2022\\\/10\\\/NOVO-SOLA.png\",\"width\":1300,\"height\":1300,\"caption\":\"Botella Aceite de Oliva Virgen Extra NOVO Picual Cosecha Temprana Ja\u00e9n\"},{\"@type\":\"BreadcrumbList\",\"@id\":\"https:\\\/\\\/www.noblezadelsur.com\\\/tienda\\\/producto\\\/novo-nueva-cosecha\\\/#breadcrumb\",\"itemListElement\":[{\"@type\":\"ListItem\",\"position\":1,\"name\":\"Inicio\",\"item\":\"https:\\\/\\\/www.noblezadelsur.com\\\/tienda\\\/\"},{\"@type\":\"ListItem\",\"position\":2,\"name\":\"Todos los productos\",\"item\":\"https:\\\/\\\/www.noblezadelsur.com\\\/tienda\\\/tienda\\\/\"},{\"@type\":\"ListItem\",\"position\":3,\"name\":\"AOVE NOVO\",\"item\":\"https:\\\/\\\/www.noblezadelsur.com\\\/tienda\\\/gama\\\/aove-novo\\\/\"},{\"@type\":\"ListItem\",\"position\":4,\"name\":\"NOVO &#8211; Nueva cosecha 25\\\/26\"}]},{\"@type\":\"WebSite\",\"@id\":\"https:\\\/\\\/www.noblezadelsur.com\\\/tienda\\\/#website\",\"url\":\"https:\\\/\\\/www.noblezadelsur.com\\\/tienda\\\/\",\"name\":\"NOBLEZA DEL SUR - ACEITE DE OLIVA VIRGEN EXTRA - ACEITES CASTELLAR\",\"description\":\"Empresa implicada en el completo proceso de obtenci\u00f3n de Aceites de Oliva Virgen Extra de excepcional calidad, nos ocupamos del cultivo de nuestros olivos, recolecci\u00f3n, elaboraci\u00f3n, almacenamiento, envasado y comercializaci\u00f3n.\",\"potentialAction\":[{\"@type\":\"SearchAction\",\"target\":{\"@type\":\"EntryPoint\",\"urlTemplate\":\"https:\\\/\\\/www.noblezadelsur.com\\\/tienda\\\/?s={search_term_string}\"},\"query-input\":{\"@type\":\"PropertyValueSpecification\",\"valueRequired\":true,\"valueName\":\"search_term_string\"}}],\"inLanguage\":\"es\"}]}<\/script>\n<!-- \/ Yoast SEO plugin. -->","yoast_head_json":{"title":"NOVO - Nueva cosecha 25\/26 - NOBLEZA DEL SUR - ACEITE DE OLIVA VIRGEN EXTRA - ACEITES CASTELLAR","robots":{"index":"index","follow":"follow","max-snippet":"max-snippet:-1","max-image-preview":"max-image-preview:large","max-video-preview":"max-video-preview:-1"},"canonical":"https:\/\/www.noblezadelsur.com\/tienda\/producto\/novo-nueva-cosecha\/","og_locale":"es_ES","og_type":"article","og_title":"NOVO - Nueva cosecha 25\/26 - NOBLEZA DEL SUR - ACEITE DE OLIVA VIRGEN EXTRA - ACEITES CASTELLAR","og_description":"COSECHA TEMPRANA NOVO EDICION LIMITADA ACEITE DE OLIVA VIRGEN EXTRA COSECHA TEMPRANA &#8211; OCTUBRE","og_url":"https:\/\/www.noblezadelsur.com\/tienda\/producto\/novo-nueva-cosecha\/","og_site_name":"NOBLEZA DEL SUR - ACEITE DE OLIVA VIRGEN EXTRA - ACEITES CASTELLAR","article_modified_time":"2026-04-14T12:18:50+00:00","og_image":[{"width":1300,"height":1300,"url":"https:\/\/www.noblezadelsur.com\/tienda\/wp-content\/uploads\/2022\/10\/NOVO-SOLA.png","type":"image\/png"}],"twitter_misc":{"Tiempo de lectura":"1 minuto"},"schema":{"@context":"https:\/\/schema.org","@graph":[{"@type":"WebPage","@id":"https:\/\/www.noblezadelsur.com\/tienda\/producto\/novo-nueva-cosecha\/","url":"https:\/\/www.noblezadelsur.com\/tienda\/producto\/novo-nueva-cosecha\/","name":"NOVO - Nueva cosecha 25\/26 - NOBLEZA DEL SUR - ACEITE DE OLIVA VIRGEN EXTRA - ACEITES CASTELLAR","isPartOf":{"@id":"https:\/\/www.noblezadelsur.com\/tienda\/#website"},"primaryImageOfPage":{"@id":"https:\/\/www.noblezadelsur.com\/tienda\/producto\/novo-nueva-cosecha\/#primaryimage"},"image":{"@id":"https:\/\/www.noblezadelsur.com\/tienda\/producto\/novo-nueva-cosecha\/#primaryimage"},"thumbnailUrl":"https:\/\/www.noblezadelsur.com\/tienda\/wp-content\/uploads\/2022\/10\/NOVO-SOLA.png","datePublished":"2022-10-26T07:23:20+00:00","dateModified":"2026-04-14T12:18:50+00:00","breadcrumb":{"@id":"https:\/\/www.noblezadelsur.com\/tienda\/producto\/novo-nueva-cosecha\/#breadcrumb"},"inLanguage":"es","potentialAction":[{"@type":"ReadAction","target":["https:\/\/www.noblezadelsur.com\/tienda\/producto\/novo-nueva-cosecha\/"]}]},{"@type":"ImageObject","inLanguage":"es","@id":"https:\/\/www.noblezadelsur.com\/tienda\/producto\/novo-nueva-cosecha\/#primaryimage","url":"https:\/\/www.noblezadelsur.com\/tienda\/wp-content\/uploads\/2022\/10\/NOVO-SOLA.png","contentUrl":"https:\/\/www.noblezadelsur.com\/tienda\/wp-content\/uploads\/2022\/10\/NOVO-SOLA.png","width":1300,"height":1300,"caption":"Botella Aceite de Oliva Virgen Extra NOVO Picual Cosecha Temprana Ja\u00e9n"},{"@type":"BreadcrumbList","@id":"https:\/\/www.noblezadelsur.com\/tienda\/producto\/novo-nueva-cosecha\/#breadcrumb","itemListElement":[{"@type":"ListItem","position":1,"name":"Inicio","item":"https:\/\/www.noblezadelsur.com\/tienda\/"},{"@type":"ListItem","position":2,"name":"Todos los productos","item":"https:\/\/www.noblezadelsur.com\/tienda\/tienda\/"},{"@type":"ListItem","position":3,"name":"AOVE NOVO","item":"https:\/\/www.noblezadelsur.com\/tienda\/gama\/aove-novo\/"},{"@type":"ListItem","position":4,"name":"NOVO &#8211; Nueva cosecha 25\/26"}]},{"@type":"WebSite","@id":"https:\/\/www.noblezadelsur.com\/tienda\/#website","url":"https:\/\/www.noblezadelsur.com\/tienda\/","name":"NOBLEZA DEL SUR - ACEITE DE OLIVA VIRGEN EXTRA - ACEITES CASTELLAR","description":"Empresa implicada en el completo proceso de obtenci\u00f3n de Aceites de Oliva Virgen Extra de excepcional calidad, nos ocupamos del cultivo de nuestros olivos, recolecci\u00f3n, elaboraci\u00f3n, almacenamiento, envasado y comercializaci\u00f3n.","potentialAction":[{"@type":"SearchAction","target":{"@type":"EntryPoint","urlTemplate":"https:\/\/www.noblezadelsur.com\/tienda\/?s={search_term_string}"},"query-input":{"@type":"PropertyValueSpecification","valueRequired":true,"valueName":"search_term_string"}}],"inLanguage":"es"}]}},"_links":{"self":[{"href":"https:\/\/www.noblezadelsur.com\/tienda\/wp-json\/wp\/v2\/product\/5477","targetHints":{"allow":["GET"]}}],"collection":[{"href":"https:\/\/www.noblezadelsur.com\/tienda\/wp-json\/wp\/v2\/product"}],"about":[{"href":"https:\/\/www.noblezadelsur.com\/tienda\/wp-json\/wp\/v2\/types\/product"}],"wp:featuredmedia":[{"embeddable":true,"href":"https:\/\/www.noblezadelsur.com\/tienda\/wp-json\/wp\/v2\/media\/100296"}],"wp:attachment":[{"href":"https:\/\/www.noblezadelsur.com\/tienda\/wp-json\/wp\/v2\/media?parent=5477"}],"wp:term":[{"taxonomy":"product_brand","embeddable":true,"href":"https:\/\/www.noblezadelsur.com\/tienda\/wp-json\/wp\/v2\/product_brand?post=5477"},{"taxonomy":"product_cat","embeddable":true,"href":"https:\/\/www.noblezadelsur.com\/tienda\/wp-json\/wp\/v2\/product_cat?post=5477"},{"taxonomy":"product_tag","embeddable":true,"href":"https:\/\/www.noblezadelsur.com\/tienda\/wp-json\/wp\/v2\/product_tag?post=5477"}],"curies":[{"name":"wp","href":"https:\/\/api.w.org\/{rel}","templated":true}]}}