{"id":4147,"date":"2020-04-22T11:52:24","date_gmt":"2020-04-22T09:52:24","guid":{"rendered":"https:\/\/www.noblezadelsur.com\/tienda\/?post_type=product&#038;p=4147"},"modified":"2026-04-20T12:54:22","modified_gmt":"2026-04-20T10:54:22","slug":"aove-cosecha-propia-tradicional-5l","status":"publish","type":"product","link":"https:\/\/www.noblezadelsur.com\/tienda\/producto\/aove-cosecha-propia-tradicional-5l\/","title":{"rendered":"AOVE COSECHA PROPIA &#8211; TRADICIONAL 5L"},"content":{"rendered":"<p>PET de 5 L de Aceite de Oliva Virgen Extra COSECHA PROPIA &#8211; TRADICIONAL<\/p>\n","protected":false},"excerpt":{"rendered":"<p><strong>COSECHA PROPIA &#8211; TRADICIONAL<\/strong><br \/>\nACEITE DE OLIVA VIRGEN EXTRA<br \/>\nCOSECHA NOVIEMBRE &#8211; DICIEMBRE<\/p>\n","protected":false},"featured_media":100353,"template":"","meta":{"_acf_changed":false,"_et_pb_use_builder":"","_et_pb_old_content":"","_et_gb_content_width":"","_joinchat":[]},"product_brand":[],"product_cat":[312],"product_tag":[],"class_list":{"0":"post-4147","1":"product","2":"type-product","3":"status-publish","4":"has-post-thumbnail","6":"product_cat-familiar","8":"first","9":"instock","10":"taxable","11":"shipping-taxable","12":"purchasable","13":"product-type-simple"},"acf":[],"yoast_head":"<!-- This site is optimized with the Yoast SEO plugin v27.3 - https:\/\/yoast.com\/product\/yoast-seo-wordpress\/ -->\n<title>AOVE COSECHA PROPIA - TRADICIONAL 5L - NOBLEZA DEL SUR - ACEITE DE OLIVA VIRGEN EXTRA - ACEITES CASTELLAR<\/title>\n<meta name=\"robots\" content=\"index, follow, max-snippet:-1, max-image-preview:large, max-video-preview:-1\" \/>\n<link rel=\"canonical\" href=\"https:\/\/www.noblezadelsur.com\/tienda\/producto\/aove-cosecha-propia-tradicional-5l\/\" \/>\n<meta property=\"og:locale\" content=\"es_ES\" \/>\n<meta property=\"og:type\" content=\"article\" \/>\n<meta property=\"og:title\" content=\"AOVE COSECHA PROPIA - TRADICIONAL 5L - NOBLEZA DEL SUR - ACEITE DE OLIVA VIRGEN EXTRA - ACEITES CASTELLAR\" \/>\n<meta property=\"og:description\" content=\"COSECHA PROPIA - TRADICIONAL ACEITE DE OLIVA VIRGEN EXTRA COSECHA NOVIEMBRE - DICIEMBRE\" \/>\n<meta property=\"og:url\" content=\"https:\/\/www.noblezadelsur.com\/tienda\/producto\/aove-cosecha-propia-tradicional-5l\/\" \/>\n<meta property=\"og:site_name\" content=\"NOBLEZA DEL SUR - ACEITE DE OLIVA VIRGEN EXTRA - ACEITES CASTELLAR\" \/>\n<meta property=\"article:modified_time\" content=\"2026-04-20T10:54:22+00:00\" \/>\n<meta property=\"og:image\" content=\"https:\/\/www.noblezadelsur.com\/tienda\/wp-content\/uploads\/2020\/04\/AOVE-COSECHA-PROPIA-TRADICIONAL-5L.png\" \/>\n\t<meta property=\"og:image:width\" content=\"1300\" \/>\n\t<meta property=\"og:image:height\" content=\"1300\" \/>\n\t<meta property=\"og:image:type\" content=\"image\/png\" \/>\n<meta name=\"twitter:label1\" content=\"Tiempo de lectura\" \/>\n\t<meta name=\"twitter:data1\" content=\"1 minuto\" \/>\n<script type=\"application\/ld+json\" class=\"yoast-schema-graph\">{\"@context\":\"https:\\\/\\\/schema.org\",\"@graph\":[{\"@type\":\"WebPage\",\"@id\":\"https:\\\/\\\/www.noblezadelsur.com\\\/tienda\\\/producto\\\/aove-cosecha-propia-tradicional-5l\\\/\",\"url\":\"https:\\\/\\\/www.noblezadelsur.com\\\/tienda\\\/producto\\\/aove-cosecha-propia-tradicional-5l\\\/\",\"name\":\"AOVE COSECHA PROPIA - TRADICIONAL 5L - NOBLEZA DEL SUR - ACEITE DE OLIVA VIRGEN EXTRA - ACEITES CASTELLAR\",\"isPartOf\":{\"@id\":\"https:\\\/\\\/www.noblezadelsur.com\\\/tienda\\\/#website\"},\"primaryImageOfPage\":{\"@id\":\"https:\\\/\\\/www.noblezadelsur.com\\\/tienda\\\/producto\\\/aove-cosecha-propia-tradicional-5l\\\/#primaryimage\"},\"image\":{\"@id\":\"https:\\\/\\\/www.noblezadelsur.com\\\/tienda\\\/producto\\\/aove-cosecha-propia-tradicional-5l\\\/#primaryimage\"},\"thumbnailUrl\":\"https:\\\/\\\/www.noblezadelsur.com\\\/tienda\\\/wp-content\\\/uploads\\\/2020\\\/04\\\/AOVE-COSECHA-PROPIA-TRADICIONAL-5L.png\",\"datePublished\":\"2020-04-22T09:52:24+00:00\",\"dateModified\":\"2026-04-20T10:54:22+00:00\",\"breadcrumb\":{\"@id\":\"https:\\\/\\\/www.noblezadelsur.com\\\/tienda\\\/producto\\\/aove-cosecha-propia-tradicional-5l\\\/#breadcrumb\"},\"inLanguage\":\"es\",\"potentialAction\":[{\"@type\":\"ReadAction\",\"target\":[\"https:\\\/\\\/www.noblezadelsur.com\\\/tienda\\\/producto\\\/aove-cosecha-propia-tradicional-5l\\\/\"]}]},{\"@type\":\"ImageObject\",\"inLanguage\":\"es\",\"@id\":\"https:\\\/\\\/www.noblezadelsur.com\\\/tienda\\\/producto\\\/aove-cosecha-propia-tradicional-5l\\\/#primaryimage\",\"url\":\"https:\\\/\\\/www.noblezadelsur.com\\\/tienda\\\/wp-content\\\/uploads\\\/2020\\\/04\\\/AOVE-COSECHA-PROPIA-TRADICIONAL-5L.png\",\"contentUrl\":\"https:\\\/\\\/www.noblezadelsur.com\\\/tienda\\\/wp-content\\\/uploads\\\/2020\\\/04\\\/AOVE-COSECHA-PROPIA-TRADICIONAL-5L.png\",\"width\":1300,\"height\":1300,\"caption\":\"Garrafa 5L AOVE Cosecha Propia Tradicional Picual de Ja\u00e9n para guisos y cocina diaria\"},{\"@type\":\"BreadcrumbList\",\"@id\":\"https:\\\/\\\/www.noblezadelsur.com\\\/tienda\\\/producto\\\/aove-cosecha-propia-tradicional-5l\\\/#breadcrumb\",\"itemListElement\":[{\"@type\":\"ListItem\",\"position\":1,\"name\":\"Inicio\",\"item\":\"https:\\\/\\\/www.noblezadelsur.com\\\/tienda\\\/\"},{\"@type\":\"ListItem\",\"position\":2,\"name\":\"Todos los productos\",\"item\":\"https:\\\/\\\/www.noblezadelsur.com\\\/tienda\\\/tienda\\\/\"},{\"@type\":\"ListItem\",\"position\":3,\"name\":\"AOVE Familiar\",\"item\":\"https:\\\/\\\/www.noblezadelsur.com\\\/tienda\\\/gama\\\/familiar\\\/\"},{\"@type\":\"ListItem\",\"position\":4,\"name\":\"AOVE COSECHA PROPIA &#8211; TRADICIONAL 5L\"}]},{\"@type\":\"WebSite\",\"@id\":\"https:\\\/\\\/www.noblezadelsur.com\\\/tienda\\\/#website\",\"url\":\"https:\\\/\\\/www.noblezadelsur.com\\\/tienda\\\/\",\"name\":\"NOBLEZA DEL SUR - ACEITE DE OLIVA VIRGEN EXTRA - ACEITES CASTELLAR\",\"description\":\"Empresa implicada en el completo proceso de obtenci\u00f3n de Aceites de Oliva Virgen Extra de excepcional calidad, nos ocupamos del cultivo de nuestros olivos, recolecci\u00f3n, elaboraci\u00f3n, almacenamiento, envasado y comercializaci\u00f3n.\",\"potentialAction\":[{\"@type\":\"SearchAction\",\"target\":{\"@type\":\"EntryPoint\",\"urlTemplate\":\"https:\\\/\\\/www.noblezadelsur.com\\\/tienda\\\/?s={search_term_string}\"},\"query-input\":{\"@type\":\"PropertyValueSpecification\",\"valueRequired\":true,\"valueName\":\"search_term_string\"}}],\"inLanguage\":\"es\"}]}<\/script>\n<!-- \/ Yoast SEO plugin. -->","yoast_head_json":{"title":"AOVE COSECHA PROPIA - TRADICIONAL 5L - NOBLEZA DEL SUR - ACEITE DE OLIVA VIRGEN EXTRA - ACEITES CASTELLAR","robots":{"index":"index","follow":"follow","max-snippet":"max-snippet:-1","max-image-preview":"max-image-preview:large","max-video-preview":"max-video-preview:-1"},"canonical":"https:\/\/www.noblezadelsur.com\/tienda\/producto\/aove-cosecha-propia-tradicional-5l\/","og_locale":"es_ES","og_type":"article","og_title":"AOVE COSECHA PROPIA - TRADICIONAL 5L - NOBLEZA DEL SUR - ACEITE DE OLIVA VIRGEN EXTRA - ACEITES CASTELLAR","og_description":"COSECHA PROPIA - TRADICIONAL ACEITE DE OLIVA VIRGEN EXTRA COSECHA NOVIEMBRE - DICIEMBRE","og_url":"https:\/\/www.noblezadelsur.com\/tienda\/producto\/aove-cosecha-propia-tradicional-5l\/","og_site_name":"NOBLEZA DEL SUR - ACEITE DE OLIVA VIRGEN EXTRA - ACEITES CASTELLAR","article_modified_time":"2026-04-20T10:54:22+00:00","og_image":[{"width":1300,"height":1300,"url":"https:\/\/www.noblezadelsur.com\/tienda\/wp-content\/uploads\/2020\/04\/AOVE-COSECHA-PROPIA-TRADICIONAL-5L.png","type":"image\/png"}],"twitter_misc":{"Tiempo de lectura":"1 minuto"},"schema":{"@context":"https:\/\/schema.org","@graph":[{"@type":"WebPage","@id":"https:\/\/www.noblezadelsur.com\/tienda\/producto\/aove-cosecha-propia-tradicional-5l\/","url":"https:\/\/www.noblezadelsur.com\/tienda\/producto\/aove-cosecha-propia-tradicional-5l\/","name":"AOVE COSECHA PROPIA - TRADICIONAL 5L - NOBLEZA DEL SUR - ACEITE DE OLIVA VIRGEN EXTRA - ACEITES CASTELLAR","isPartOf":{"@id":"https:\/\/www.noblezadelsur.com\/tienda\/#website"},"primaryImageOfPage":{"@id":"https:\/\/www.noblezadelsur.com\/tienda\/producto\/aove-cosecha-propia-tradicional-5l\/#primaryimage"},"image":{"@id":"https:\/\/www.noblezadelsur.com\/tienda\/producto\/aove-cosecha-propia-tradicional-5l\/#primaryimage"},"thumbnailUrl":"https:\/\/www.noblezadelsur.com\/tienda\/wp-content\/uploads\/2020\/04\/AOVE-COSECHA-PROPIA-TRADICIONAL-5L.png","datePublished":"2020-04-22T09:52:24+00:00","dateModified":"2026-04-20T10:54:22+00:00","breadcrumb":{"@id":"https:\/\/www.noblezadelsur.com\/tienda\/producto\/aove-cosecha-propia-tradicional-5l\/#breadcrumb"},"inLanguage":"es","potentialAction":[{"@type":"ReadAction","target":["https:\/\/www.noblezadelsur.com\/tienda\/producto\/aove-cosecha-propia-tradicional-5l\/"]}]},{"@type":"ImageObject","inLanguage":"es","@id":"https:\/\/www.noblezadelsur.com\/tienda\/producto\/aove-cosecha-propia-tradicional-5l\/#primaryimage","url":"https:\/\/www.noblezadelsur.com\/tienda\/wp-content\/uploads\/2020\/04\/AOVE-COSECHA-PROPIA-TRADICIONAL-5L.png","contentUrl":"https:\/\/www.noblezadelsur.com\/tienda\/wp-content\/uploads\/2020\/04\/AOVE-COSECHA-PROPIA-TRADICIONAL-5L.png","width":1300,"height":1300,"caption":"Garrafa 5L AOVE Cosecha Propia Tradicional Picual de Ja\u00e9n para guisos y cocina diaria"},{"@type":"BreadcrumbList","@id":"https:\/\/www.noblezadelsur.com\/tienda\/producto\/aove-cosecha-propia-tradicional-5l\/#breadcrumb","itemListElement":[{"@type":"ListItem","position":1,"name":"Inicio","item":"https:\/\/www.noblezadelsur.com\/tienda\/"},{"@type":"ListItem","position":2,"name":"Todos los productos","item":"https:\/\/www.noblezadelsur.com\/tienda\/tienda\/"},{"@type":"ListItem","position":3,"name":"AOVE Familiar","item":"https:\/\/www.noblezadelsur.com\/tienda\/gama\/familiar\/"},{"@type":"ListItem","position":4,"name":"AOVE COSECHA PROPIA &#8211; TRADICIONAL 5L"}]},{"@type":"WebSite","@id":"https:\/\/www.noblezadelsur.com\/tienda\/#website","url":"https:\/\/www.noblezadelsur.com\/tienda\/","name":"NOBLEZA DEL SUR - ACEITE DE OLIVA VIRGEN EXTRA - ACEITES CASTELLAR","description":"Empresa implicada en el completo proceso de obtenci\u00f3n de Aceites de Oliva Virgen Extra de excepcional calidad, nos ocupamos del cultivo de nuestros olivos, recolecci\u00f3n, elaboraci\u00f3n, almacenamiento, envasado y comercializaci\u00f3n.","potentialAction":[{"@type":"SearchAction","target":{"@type":"EntryPoint","urlTemplate":"https:\/\/www.noblezadelsur.com\/tienda\/?s={search_term_string}"},"query-input":{"@type":"PropertyValueSpecification","valueRequired":true,"valueName":"search_term_string"}}],"inLanguage":"es"}]}},"_links":{"self":[{"href":"https:\/\/www.noblezadelsur.com\/tienda\/wp-json\/wp\/v2\/product\/4147","targetHints":{"allow":["GET"]}}],"collection":[{"href":"https:\/\/www.noblezadelsur.com\/tienda\/wp-json\/wp\/v2\/product"}],"about":[{"href":"https:\/\/www.noblezadelsur.com\/tienda\/wp-json\/wp\/v2\/types\/product"}],"wp:featuredmedia":[{"embeddable":true,"href":"https:\/\/www.noblezadelsur.com\/tienda\/wp-json\/wp\/v2\/media\/100353"}],"wp:attachment":[{"href":"https:\/\/www.noblezadelsur.com\/tienda\/wp-json\/wp\/v2\/media?parent=4147"}],"wp:term":[{"taxonomy":"product_brand","embeddable":true,"href":"https:\/\/www.noblezadelsur.com\/tienda\/wp-json\/wp\/v2\/product_brand?post=4147"},{"taxonomy":"product_cat","embeddable":true,"href":"https:\/\/www.noblezadelsur.com\/tienda\/wp-json\/wp\/v2\/product_cat?post=4147"},{"taxonomy":"product_tag","embeddable":true,"href":"https:\/\/www.noblezadelsur.com\/tienda\/wp-json\/wp\/v2\/product_tag?post=4147"}],"curies":[{"name":"wp","href":"https:\/\/api.w.org\/{rel}","templated":true}]}}