{"id":3647,"date":"2019-06-17T09:02:34","date_gmt":"2019-06-17T07:02:34","guid":{"rendered":"https:\/\/www.noblezadelsur.com\/tienda\/?post_type=product&#038;p=3647"},"modified":"2025-01-14T13:43:00","modified_gmt":"2025-01-14T11:43:00","slug":"estuche-aove-premium-primera-cosecha","status":"publish","type":"product","link":"https:\/\/www.noblezadelsur.com\/tienda\/producto\/estuche-aove-premium-primera-cosecha\/","title":{"rendered":"ESTUCHE AOVE PREMIUM PRIMERA COSECHA"},"content":{"rendered":"<p>Estuche con 2 botellas de 350 ml de Aceite de Oliva Virgen Extra: CENTENARIUM PREMIUM + ARBEQUINA PREMIUM<\/p>\n","protected":false},"excerpt":{"rendered":"<p><strong>PRIMERA COSECHA \u2013 CENTENARIUM PREMIUM<br \/>\nPRIMERA COSECHA \u2013 ARBEQUINA PREMIUM<br \/>\n<\/strong>ACEITE DE OLIVA VIRGEN EXTRA<br \/>\nPRIMERA COSECHA \u2013 INICIOS OCTUBRE<\/p>\n","protected":false},"featured_media":100469,"template":"","meta":{"_acf_changed":false,"_et_pb_use_builder":"","_et_pb_old_content":"","_et_gb_content_width":"","_joinchat":[]},"product_brand":[],"product_cat":[311],"product_tag":[],"class_list":{"0":"post-3647","1":"product","2":"type-product","3":"status-publish","4":"has-post-thumbnail","6":"product_cat-regalos-estuches","8":"first","9":"instock","10":"taxable","11":"shipping-taxable","12":"purchasable","13":"product-type-simple"},"acf":[],"yoast_head":"<!-- This site is optimized with the Yoast SEO plugin v27.3 - https:\/\/yoast.com\/product\/yoast-seo-wordpress\/ -->\n<title>ESTUCHE AOVE PREMIUM PRIMERA COSECHA - NOBLEZA DEL SUR - ACEITE DE OLIVA VIRGEN EXTRA - ACEITES CASTELLAR<\/title>\n<meta name=\"robots\" content=\"index, follow, max-snippet:-1, max-image-preview:large, max-video-preview:-1\" \/>\n<link rel=\"canonical\" href=\"https:\/\/www.noblezadelsur.com\/tienda\/producto\/estuche-aove-premium-primera-cosecha\/\" \/>\n<meta property=\"og:locale\" content=\"es_ES\" \/>\n<meta property=\"og:type\" content=\"article\" \/>\n<meta property=\"og:title\" content=\"ESTUCHE AOVE PREMIUM PRIMERA COSECHA - NOBLEZA DEL SUR - ACEITE DE OLIVA VIRGEN EXTRA - ACEITES CASTELLAR\" \/>\n<meta property=\"og:description\" content=\"PRIMERA COSECHA \u2013 CENTENARIUM PREMIUM PRIMERA COSECHA \u2013 ARBEQUINA PREMIUM ACEITE DE OLIVA VIRGEN EXTRA PRIMERA COSECHA \u2013 INICIOS OCTUBRE\" \/>\n<meta property=\"og:url\" content=\"https:\/\/www.noblezadelsur.com\/tienda\/producto\/estuche-aove-premium-primera-cosecha\/\" \/>\n<meta property=\"og:site_name\" content=\"NOBLEZA DEL SUR - ACEITE DE OLIVA VIRGEN EXTRA - ACEITES CASTELLAR\" \/>\n<meta property=\"article:modified_time\" content=\"2025-01-14T11:43:00+00:00\" \/>\n<meta property=\"og:image\" content=\"https:\/\/www.noblezadelsur.com\/tienda\/wp-content\/uploads\/2019\/06\/2-ESTUCHES-CON-2-UNDS-AOVE-PREMIUM-PRIMERA-COSECHA-P.png\" \/>\n\t<meta property=\"og:image:width\" content=\"1300\" \/>\n\t<meta property=\"og:image:height\" content=\"1300\" \/>\n\t<meta property=\"og:image:type\" content=\"image\/png\" \/>\n<meta name=\"twitter:label1\" content=\"Tiempo de lectura\" \/>\n\t<meta name=\"twitter:data1\" content=\"1 minuto\" \/>\n<script type=\"application\/ld+json\" class=\"yoast-schema-graph\">{\"@context\":\"https:\\\/\\\/schema.org\",\"@graph\":[{\"@type\":\"WebPage\",\"@id\":\"https:\\\/\\\/www.noblezadelsur.com\\\/tienda\\\/producto\\\/estuche-aove-premium-primera-cosecha\\\/\",\"url\":\"https:\\\/\\\/www.noblezadelsur.com\\\/tienda\\\/producto\\\/estuche-aove-premium-primera-cosecha\\\/\",\"name\":\"ESTUCHE AOVE PREMIUM PRIMERA COSECHA - NOBLEZA DEL SUR - ACEITE DE OLIVA VIRGEN EXTRA - ACEITES CASTELLAR\",\"isPartOf\":{\"@id\":\"https:\\\/\\\/www.noblezadelsur.com\\\/tienda\\\/#website\"},\"primaryImageOfPage\":{\"@id\":\"https:\\\/\\\/www.noblezadelsur.com\\\/tienda\\\/producto\\\/estuche-aove-premium-primera-cosecha\\\/#primaryimage\"},\"image\":{\"@id\":\"https:\\\/\\\/www.noblezadelsur.com\\\/tienda\\\/producto\\\/estuche-aove-premium-primera-cosecha\\\/#primaryimage\"},\"thumbnailUrl\":\"https:\\\/\\\/www.noblezadelsur.com\\\/tienda\\\/wp-content\\\/uploads\\\/2019\\\/06\\\/2-ESTUCHES-CON-2-UNDS-AOVE-PREMIUM-PRIMERA-COSECHA-P.png\",\"datePublished\":\"2019-06-17T07:02:34+00:00\",\"dateModified\":\"2025-01-14T11:43:00+00:00\",\"breadcrumb\":{\"@id\":\"https:\\\/\\\/www.noblezadelsur.com\\\/tienda\\\/producto\\\/estuche-aove-premium-primera-cosecha\\\/#breadcrumb\"},\"inLanguage\":\"es\",\"potentialAction\":[{\"@type\":\"ReadAction\",\"target\":[\"https:\\\/\\\/www.noblezadelsur.com\\\/tienda\\\/producto\\\/estuche-aove-premium-primera-cosecha\\\/\"]}]},{\"@type\":\"ImageObject\",\"inLanguage\":\"es\",\"@id\":\"https:\\\/\\\/www.noblezadelsur.com\\\/tienda\\\/producto\\\/estuche-aove-premium-primera-cosecha\\\/#primaryimage\",\"url\":\"https:\\\/\\\/www.noblezadelsur.com\\\/tienda\\\/wp-content\\\/uploads\\\/2019\\\/06\\\/2-ESTUCHES-CON-2-UNDS-AOVE-PREMIUM-PRIMERA-COSECHA-P.png\",\"contentUrl\":\"https:\\\/\\\/www.noblezadelsur.com\\\/tienda\\\/wp-content\\\/uploads\\\/2019\\\/06\\\/2-ESTUCHES-CON-2-UNDS-AOVE-PREMIUM-PRIMERA-COSECHA-P.png\",\"width\":1300,\"height\":1300},{\"@type\":\"BreadcrumbList\",\"@id\":\"https:\\\/\\\/www.noblezadelsur.com\\\/tienda\\\/producto\\\/estuche-aove-premium-primera-cosecha\\\/#breadcrumb\",\"itemListElement\":[{\"@type\":\"ListItem\",\"position\":1,\"name\":\"Inicio\",\"item\":\"https:\\\/\\\/www.noblezadelsur.com\\\/tienda\\\/\"},{\"@type\":\"ListItem\",\"position\":2,\"name\":\"Todos los productos\",\"item\":\"https:\\\/\\\/www.noblezadelsur.com\\\/tienda\\\/tienda\\\/\"},{\"@type\":\"ListItem\",\"position\":3,\"name\":\"Estuches \\\/ Regalos\",\"item\":\"https:\\\/\\\/www.noblezadelsur.com\\\/tienda\\\/gama\\\/regalos-estuches\\\/\"},{\"@type\":\"ListItem\",\"position\":4,\"name\":\"ESTUCHE AOVE PREMIUM PRIMERA COSECHA\"}]},{\"@type\":\"WebSite\",\"@id\":\"https:\\\/\\\/www.noblezadelsur.com\\\/tienda\\\/#website\",\"url\":\"https:\\\/\\\/www.noblezadelsur.com\\\/tienda\\\/\",\"name\":\"NOBLEZA DEL SUR - ACEITE DE OLIVA VIRGEN EXTRA - ACEITES CASTELLAR\",\"description\":\"Empresa implicada en el completo proceso de obtenci\u00f3n de Aceites de Oliva Virgen Extra de excepcional calidad, nos ocupamos del cultivo de nuestros olivos, recolecci\u00f3n, elaboraci\u00f3n, almacenamiento, envasado y comercializaci\u00f3n.\",\"potentialAction\":[{\"@type\":\"SearchAction\",\"target\":{\"@type\":\"EntryPoint\",\"urlTemplate\":\"https:\\\/\\\/www.noblezadelsur.com\\\/tienda\\\/?s={search_term_string}\"},\"query-input\":{\"@type\":\"PropertyValueSpecification\",\"valueRequired\":true,\"valueName\":\"search_term_string\"}}],\"inLanguage\":\"es\"}]}<\/script>\n<!-- \/ Yoast SEO plugin. -->","yoast_head_json":{"title":"ESTUCHE AOVE PREMIUM PRIMERA COSECHA - NOBLEZA DEL SUR - ACEITE DE OLIVA VIRGEN EXTRA - ACEITES CASTELLAR","robots":{"index":"index","follow":"follow","max-snippet":"max-snippet:-1","max-image-preview":"max-image-preview:large","max-video-preview":"max-video-preview:-1"},"canonical":"https:\/\/www.noblezadelsur.com\/tienda\/producto\/estuche-aove-premium-primera-cosecha\/","og_locale":"es_ES","og_type":"article","og_title":"ESTUCHE AOVE PREMIUM PRIMERA COSECHA - NOBLEZA DEL SUR - ACEITE DE OLIVA VIRGEN EXTRA - ACEITES CASTELLAR","og_description":"PRIMERA COSECHA \u2013 CENTENARIUM PREMIUM PRIMERA COSECHA \u2013 ARBEQUINA PREMIUM ACEITE DE OLIVA VIRGEN EXTRA PRIMERA COSECHA \u2013 INICIOS OCTUBRE","og_url":"https:\/\/www.noblezadelsur.com\/tienda\/producto\/estuche-aove-premium-primera-cosecha\/","og_site_name":"NOBLEZA DEL SUR - ACEITE DE OLIVA VIRGEN EXTRA - ACEITES CASTELLAR","article_modified_time":"2025-01-14T11:43:00+00:00","og_image":[{"width":1300,"height":1300,"url":"https:\/\/www.noblezadelsur.com\/tienda\/wp-content\/uploads\/2019\/06\/2-ESTUCHES-CON-2-UNDS-AOVE-PREMIUM-PRIMERA-COSECHA-P.png","type":"image\/png"}],"twitter_misc":{"Tiempo de lectura":"1 minuto"},"schema":{"@context":"https:\/\/schema.org","@graph":[{"@type":"WebPage","@id":"https:\/\/www.noblezadelsur.com\/tienda\/producto\/estuche-aove-premium-primera-cosecha\/","url":"https:\/\/www.noblezadelsur.com\/tienda\/producto\/estuche-aove-premium-primera-cosecha\/","name":"ESTUCHE AOVE PREMIUM PRIMERA COSECHA - NOBLEZA DEL SUR - ACEITE DE OLIVA VIRGEN EXTRA - ACEITES CASTELLAR","isPartOf":{"@id":"https:\/\/www.noblezadelsur.com\/tienda\/#website"},"primaryImageOfPage":{"@id":"https:\/\/www.noblezadelsur.com\/tienda\/producto\/estuche-aove-premium-primera-cosecha\/#primaryimage"},"image":{"@id":"https:\/\/www.noblezadelsur.com\/tienda\/producto\/estuche-aove-premium-primera-cosecha\/#primaryimage"},"thumbnailUrl":"https:\/\/www.noblezadelsur.com\/tienda\/wp-content\/uploads\/2019\/06\/2-ESTUCHES-CON-2-UNDS-AOVE-PREMIUM-PRIMERA-COSECHA-P.png","datePublished":"2019-06-17T07:02:34+00:00","dateModified":"2025-01-14T11:43:00+00:00","breadcrumb":{"@id":"https:\/\/www.noblezadelsur.com\/tienda\/producto\/estuche-aove-premium-primera-cosecha\/#breadcrumb"},"inLanguage":"es","potentialAction":[{"@type":"ReadAction","target":["https:\/\/www.noblezadelsur.com\/tienda\/producto\/estuche-aove-premium-primera-cosecha\/"]}]},{"@type":"ImageObject","inLanguage":"es","@id":"https:\/\/www.noblezadelsur.com\/tienda\/producto\/estuche-aove-premium-primera-cosecha\/#primaryimage","url":"https:\/\/www.noblezadelsur.com\/tienda\/wp-content\/uploads\/2019\/06\/2-ESTUCHES-CON-2-UNDS-AOVE-PREMIUM-PRIMERA-COSECHA-P.png","contentUrl":"https:\/\/www.noblezadelsur.com\/tienda\/wp-content\/uploads\/2019\/06\/2-ESTUCHES-CON-2-UNDS-AOVE-PREMIUM-PRIMERA-COSECHA-P.png","width":1300,"height":1300},{"@type":"BreadcrumbList","@id":"https:\/\/www.noblezadelsur.com\/tienda\/producto\/estuche-aove-premium-primera-cosecha\/#breadcrumb","itemListElement":[{"@type":"ListItem","position":1,"name":"Inicio","item":"https:\/\/www.noblezadelsur.com\/tienda\/"},{"@type":"ListItem","position":2,"name":"Todos los productos","item":"https:\/\/www.noblezadelsur.com\/tienda\/tienda\/"},{"@type":"ListItem","position":3,"name":"Estuches \/ Regalos","item":"https:\/\/www.noblezadelsur.com\/tienda\/gama\/regalos-estuches\/"},{"@type":"ListItem","position":4,"name":"ESTUCHE AOVE PREMIUM PRIMERA COSECHA"}]},{"@type":"WebSite","@id":"https:\/\/www.noblezadelsur.com\/tienda\/#website","url":"https:\/\/www.noblezadelsur.com\/tienda\/","name":"NOBLEZA DEL SUR - ACEITE DE OLIVA VIRGEN EXTRA - ACEITES CASTELLAR","description":"Empresa implicada en el completo proceso de obtenci\u00f3n de Aceites de Oliva Virgen Extra de excepcional calidad, nos ocupamos del cultivo de nuestros olivos, recolecci\u00f3n, elaboraci\u00f3n, almacenamiento, envasado y comercializaci\u00f3n.","potentialAction":[{"@type":"SearchAction","target":{"@type":"EntryPoint","urlTemplate":"https:\/\/www.noblezadelsur.com\/tienda\/?s={search_term_string}"},"query-input":{"@type":"PropertyValueSpecification","valueRequired":true,"valueName":"search_term_string"}}],"inLanguage":"es"}]}},"_links":{"self":[{"href":"https:\/\/www.noblezadelsur.com\/tienda\/wp-json\/wp\/v2\/product\/3647","targetHints":{"allow":["GET"]}}],"collection":[{"href":"https:\/\/www.noblezadelsur.com\/tienda\/wp-json\/wp\/v2\/product"}],"about":[{"href":"https:\/\/www.noblezadelsur.com\/tienda\/wp-json\/wp\/v2\/types\/product"}],"wp:featuredmedia":[{"embeddable":true,"href":"https:\/\/www.noblezadelsur.com\/tienda\/wp-json\/wp\/v2\/media\/100469"}],"wp:attachment":[{"href":"https:\/\/www.noblezadelsur.com\/tienda\/wp-json\/wp\/v2\/media?parent=3647"}],"wp:term":[{"taxonomy":"product_brand","embeddable":true,"href":"https:\/\/www.noblezadelsur.com\/tienda\/wp-json\/wp\/v2\/product_brand?post=3647"},{"taxonomy":"product_cat","embeddable":true,"href":"https:\/\/www.noblezadelsur.com\/tienda\/wp-json\/wp\/v2\/product_cat?post=3647"},{"taxonomy":"product_tag","embeddable":true,"href":"https:\/\/www.noblezadelsur.com\/tienda\/wp-json\/wp\/v2\/product_tag?post=3647"}],"curies":[{"name":"wp","href":"https:\/\/api.w.org\/{rel}","templated":true}]}}