{"id":3565,"date":"2019-06-11T15:14:43","date_gmt":"2019-06-11T15:14:43","guid":{"rendered":"https:\/\/www.noblezadelsur.com\/tienda\/carrito\/"},"modified":"2019-10-03T09:29:01","modified_gmt":"2019-10-03T09:29:01","slug":"carrito","status":"publish","type":"page","link":"https:\/\/www.noblezadelsur.com\/tienda\/carrito\/","title":{"rendered":"Carrito"},"content":{"rendered":"\n","protected":false},"excerpt":{"rendered":"","protected":false},"author":1,"featured_media":0,"parent":0,"menu_order":0,"comment_status":"closed","ping_status":"closed","template":"","meta":{"_acf_changed":false,"_et_pb_use_builder":"","_et_pb_old_content":"","_et_gb_content_width":"","_joinchat":[],"footnotes":""},"class_list":["post-3565","page","type-page","status-publish","hentry"],"acf":[],"yoast_head":"<!-- This site is optimized with the Yoast SEO plugin v27.3 - https:\/\/yoast.com\/product\/yoast-seo-wordpress\/ -->\n<title>Carrito - NOBLEZA DEL SUR - ACEITE DE OLIVA VIRGEN EXTRA - ACEITES CASTELLAR<\/title>\n<meta name=\"robots\" content=\"index, follow, max-snippet:-1, max-image-preview:large, max-video-preview:-1\" \/>\n<link rel=\"canonical\" href=\"https:\/\/www.noblezadelsur.com\/tienda\/carrito\/\" \/>\n<meta property=\"og:locale\" content=\"es_ES\" \/>\n<meta property=\"og:type\" content=\"article\" \/>\n<meta property=\"og:title\" content=\"Carrito - NOBLEZA DEL SUR - ACEITE DE OLIVA VIRGEN EXTRA - ACEITES CASTELLAR\" \/>\n<meta property=\"og:url\" content=\"https:\/\/www.noblezadelsur.com\/tienda\/carrito\/\" \/>\n<meta property=\"og:site_name\" content=\"NOBLEZA DEL SUR - ACEITE DE OLIVA VIRGEN EXTRA - ACEITES CASTELLAR\" \/>\n<meta property=\"article:modified_time\" content=\"2019-10-03T09:29:01+00:00\" \/>\n<script type=\"application\/ld+json\" class=\"yoast-schema-graph\">{\"@context\":\"https:\\\/\\\/schema.org\",\"@graph\":[{\"@type\":\"WebPage\",\"@id\":\"https:\\\/\\\/www.noblezadelsur.com\\\/tienda\\\/carrito\\\/\",\"url\":\"https:\\\/\\\/www.noblezadelsur.com\\\/tienda\\\/carrito\\\/\",\"name\":\"Carrito - NOBLEZA DEL SUR - ACEITE DE OLIVA VIRGEN EXTRA - ACEITES CASTELLAR\",\"isPartOf\":{\"@id\":\"https:\\\/\\\/www.noblezadelsur.com\\\/tienda\\\/#website\"},\"datePublished\":\"2019-06-11T15:14:43+00:00\",\"dateModified\":\"2019-10-03T09:29:01+00:00\",\"breadcrumb\":{\"@id\":\"https:\\\/\\\/www.noblezadelsur.com\\\/tienda\\\/carrito\\\/#breadcrumb\"},\"inLanguage\":\"es\",\"potentialAction\":[{\"@type\":\"ReadAction\",\"target\":[\"https:\\\/\\\/www.noblezadelsur.com\\\/tienda\\\/carrito\\\/\"]}]},{\"@type\":\"BreadcrumbList\",\"@id\":\"https:\\\/\\\/www.noblezadelsur.com\\\/tienda\\\/carrito\\\/#breadcrumb\",\"itemListElement\":[{\"@type\":\"ListItem\",\"position\":1,\"name\":\"Inicio\",\"item\":\"https:\\\/\\\/www.noblezadelsur.com\\\/tienda\\\/\"},{\"@type\":\"ListItem\",\"position\":2,\"name\":\"Carrito\"}]},{\"@type\":\"WebSite\",\"@id\":\"https:\\\/\\\/www.noblezadelsur.com\\\/tienda\\\/#website\",\"url\":\"https:\\\/\\\/www.noblezadelsur.com\\\/tienda\\\/\",\"name\":\"NOBLEZA DEL SUR - ACEITE DE OLIVA VIRGEN EXTRA - ACEITES CASTELLAR\",\"description\":\"Empresa implicada en el completo proceso de obtenci\u00f3n de Aceites de Oliva Virgen Extra de excepcional calidad, nos ocupamos del cultivo de nuestros olivos, recolecci\u00f3n, elaboraci\u00f3n, almacenamiento, envasado y comercializaci\u00f3n.\",\"potentialAction\":[{\"@type\":\"SearchAction\",\"target\":{\"@type\":\"EntryPoint\",\"urlTemplate\":\"https:\\\/\\\/www.noblezadelsur.com\\\/tienda\\\/?s={search_term_string}\"},\"query-input\":{\"@type\":\"PropertyValueSpecification\",\"valueRequired\":true,\"valueName\":\"search_term_string\"}}],\"inLanguage\":\"es\"}]}<\/script>\n<!-- \/ Yoast SEO plugin. -->","yoast_head_json":{"title":"Carrito - NOBLEZA DEL SUR - ACEITE DE OLIVA VIRGEN EXTRA - ACEITES CASTELLAR","robots":{"index":"index","follow":"follow","max-snippet":"max-snippet:-1","max-image-preview":"max-image-preview:large","max-video-preview":"max-video-preview:-1"},"canonical":"https:\/\/www.noblezadelsur.com\/tienda\/carrito\/","og_locale":"es_ES","og_type":"article","og_title":"Carrito - NOBLEZA DEL SUR - ACEITE DE OLIVA VIRGEN EXTRA - ACEITES CASTELLAR","og_url":"https:\/\/www.noblezadelsur.com\/tienda\/carrito\/","og_site_name":"NOBLEZA DEL SUR - ACEITE DE OLIVA VIRGEN EXTRA - ACEITES CASTELLAR","article_modified_time":"2019-10-03T09:29:01+00:00","schema":{"@context":"https:\/\/schema.org","@graph":[{"@type":"WebPage","@id":"https:\/\/www.noblezadelsur.com\/tienda\/carrito\/","url":"https:\/\/www.noblezadelsur.com\/tienda\/carrito\/","name":"Carrito - NOBLEZA DEL SUR - ACEITE DE OLIVA VIRGEN EXTRA - ACEITES CASTELLAR","isPartOf":{"@id":"https:\/\/www.noblezadelsur.com\/tienda\/#website"},"datePublished":"2019-06-11T15:14:43+00:00","dateModified":"2019-10-03T09:29:01+00:00","breadcrumb":{"@id":"https:\/\/www.noblezadelsur.com\/tienda\/carrito\/#breadcrumb"},"inLanguage":"es","potentialAction":[{"@type":"ReadAction","target":["https:\/\/www.noblezadelsur.com\/tienda\/carrito\/"]}]},{"@type":"BreadcrumbList","@id":"https:\/\/www.noblezadelsur.com\/tienda\/carrito\/#breadcrumb","itemListElement":[{"@type":"ListItem","position":1,"name":"Inicio","item":"https:\/\/www.noblezadelsur.com\/tienda\/"},{"@type":"ListItem","position":2,"name":"Carrito"}]},{"@type":"WebSite","@id":"https:\/\/www.noblezadelsur.com\/tienda\/#website","url":"https:\/\/www.noblezadelsur.com\/tienda\/","name":"NOBLEZA DEL SUR - ACEITE DE OLIVA VIRGEN EXTRA - ACEITES CASTELLAR","description":"Empresa implicada en el completo proceso de obtenci\u00f3n de Aceites de Oliva Virgen Extra de excepcional calidad, nos ocupamos del cultivo de nuestros olivos, recolecci\u00f3n, elaboraci\u00f3n, almacenamiento, envasado y comercializaci\u00f3n.","potentialAction":[{"@type":"SearchAction","target":{"@type":"EntryPoint","urlTemplate":"https:\/\/www.noblezadelsur.com\/tienda\/?s={search_term_string}"},"query-input":{"@type":"PropertyValueSpecification","valueRequired":true,"valueName":"search_term_string"}}],"inLanguage":"es"}]}},"_links":{"self":[{"href":"https:\/\/www.noblezadelsur.com\/tienda\/wp-json\/wp\/v2\/pages\/3565","targetHints":{"allow":["GET"]}}],"collection":[{"href":"https:\/\/www.noblezadelsur.com\/tienda\/wp-json\/wp\/v2\/pages"}],"about":[{"href":"https:\/\/www.noblezadelsur.com\/tienda\/wp-json\/wp\/v2\/types\/page"}],"author":[{"embeddable":true,"href":"https:\/\/www.noblezadelsur.com\/tienda\/wp-json\/wp\/v2\/users\/1"}],"replies":[{"embeddable":true,"href":"https:\/\/www.noblezadelsur.com\/tienda\/wp-json\/wp\/v2\/comments?post=3565"}],"version-history":[{"count":0,"href":"https:\/\/www.noblezadelsur.com\/tienda\/wp-json\/wp\/v2\/pages\/3565\/revisions"}],"wp:attachment":[{"href":"https:\/\/www.noblezadelsur.com\/tienda\/wp-json\/wp\/v2\/media?parent=3565"}],"curies":[{"name":"wp","href":"https:\/\/api.w.org\/{rel}","templated":true}]}}