{"id":2010,"date":"2016-10-12T10:57:46","date_gmt":"2016-10-12T10:57:46","guid":{"rendered":"http:\/\/www.noblezadelsur.com\/tienda\/?page_id=2010"},"modified":"2025-08-29T13:51:05","modified_gmt":"2025-08-29T11:51:05","slug":"contactar","status":"publish","type":"page","link":"https:\/\/www.noblezadelsur.com\/tienda\/contactar\/","title":{"rendered":"Contactar"},"content":{"rendered":"<p>[et_pb_section fb_built=\u00bb1&#8243; fullwidth=\u00bbon\u00bb custom_padding_last_edited=\u00bbon|desktop\u00bb _builder_version=\u00bb4.16&#8243; custom_padding_tablet=\u00bb50px|0|50px|0&#8243; custom_padding_phone=\u00bb\u00bb transparent_background=\u00bboff\u00bb padding_mobile=\u00bboff\u00bb global_colors_info=\u00bb{}\u00bb][et_pb_fullwidth_map address=\u00bbC. Victoria, 26, 23400 \u00dabeda, Ja\u00e9n, Espa\u00f1a\u00bb zoom_level=\u00bb10&#8243; address_lat=\u00bb38.081500238715&#8243; address_lng=\u00bb-3.275888946875&#8243; mouse_wheel=\u00bboff\u00bb _builder_version=\u00bb4.23&#8243; global_colors_info=\u00bb{}\u00bb][et_pb_map_pin title=\u00bbAceites Castellar\u00bb pin_address=\u00bbJV-6023, 23260 Castellar, Ja\u00e9n, Espa\u00f1a\u00bb pin_address_lat=\u00bb38.2373998&#8243; pin_address_lng=\u00bb-3.1595089&#8243; _builder_version=\u00bb4.23&#8243; global_colors_info=\u00bb{}\u00bb]<\/p>\n<p>Ctra. Sabiote, s\/n 23260<br \/>Castellar, Ja\u00e9n (Espa\u00f1a)<\/p>\n<p>[\/et_pb_map_pin][et_pb_map_pin title=\u00bbOficina de \u00dabeda\u00bb pin_address=\u00bbC. Victoria, 26, 23400 \u00dabeda, Ja\u00e9n, Espa\u00f1a\u00bb pin_address_lat=\u00bb38.0122858&#8243; pin_address_lng=\u00bb-3.3747659&#8243; _builder_version=\u00bb4.23&#8243; _module_preset=\u00bbdefault\u00bb global_colors_info=\u00bb{}\u00bb]<\/p>\n<p>Calle Victoria, 26 (Bajo comercial)<br \/>23400 \u00dabeda, Ja\u00e9n (Espa\u00f1a)<\/p>\n<p>[\/et_pb_map_pin][\/et_pb_fullwidth_map][\/et_pb_section][et_pb_section fb_built=\u00bb1&#8243; custom_padding_last_edited=\u00bbon|desktop\u00bb admin_label=\u00bbsection\u00bb _builder_version=\u00bb4.16&#8243; custom_padding_tablet=\u00bb50px|0|50px|0&#8243; custom_padding_phone=\u00bb\u00bb transparent_background=\u00bboff\u00bb padding_mobile=\u00bboff\u00bb global_colors_info=\u00bb{}\u00bb][et_pb_row column_structure=\u00bb1_2,1_2&#8243; padding_mobile=\u00bboff\u00bb column_padding_mobile=\u00bbon\u00bb admin_label=\u00bbrow\u00bb _builder_version=\u00bb4.16&#8243; background_size=\u00bbinitial\u00bb background_position=\u00bbtop_left\u00bb background_repeat=\u00bbrepeat\u00bb global_colors_info=\u00bb{}\u00bb][et_pb_column type=\u00bb1_2&#8243; _builder_version=\u00bb4.16&#8243; custom_padding=\u00bb|||\u00bb global_colors_info=\u00bb{}\u00bb custom_padding__hover=\u00bb|||\u00bb][et_pb_text _builder_version=\u00bb4.23&#8243; background_size=\u00bbinitial\u00bb background_position=\u00bbtop_left\u00bb background_repeat=\u00bbrepeat\u00bb use_border_color=\u00bboff\u00bb border_style=\u00bbsolid\u00bb global_colors_info=\u00bb{}\u00bb]<\/p>\n<h1>ENCU\u00c9NTRANOS<\/h1>\n<p><strong>Oficina de \u00dabeda<\/strong><br \/>Calle Victoria, 26 (Bajo comercial)<br \/>23400 \u00dabeda, Ja\u00e9n (Espa\u00f1a)<br \/><strong><br \/>Almazara Aceites Castellar<\/strong><br \/>Ctra. Sabiote, s\/n<br \/>23260 Castellar, Ja\u00e9n (Espa\u00f1a)<\/p>\n<p>(+34) 953 460 718<br \/><a href=\"mailto:info@noblezadelsur.com\">info@noblezadelsur.com<\/a><\/p>\n<p>[\/et_pb_text][\/et_pb_column][et_pb_column type=\u00bb1_2&#8243; _builder_version=\u00bb4.16&#8243; custom_padding=\u00bb|||\u00bb global_colors_info=\u00bb{}\u00bb custom_padding__hover=\u00bb|||\u00bb][et_pb_contact_form email=\u00bbtienda@noblezadelsur.com\u00bb title=\u00bbFormulario de contacto\u00bb custom_message=\u00bbMensaje enviado desde el formulario de la web:||et_pb_line_break_holder||Nombre: %%Name%%||et_pb_line_break_holder||Email; %%Email%%||et_pb_line_break_holder||Mensaje:%%Message%%||et_pb_line_break_holder||\u00bb success_message=\u00bbMuchas gracias por contactar con nosotros, en breve le responderemos.\u00bb module_id=\u00bbet_pb_contact_form_0&#8243; _builder_version=\u00bb4.27.4&#8243; _unique_id=\u00bb1cbfbf65-4a7f-4030-a4b1-c7cc145a1160&#8243; hover_enabled=\u00bb0&#8243; border_radii=\u00bbon|0px|0px|0px|0px\u00bb use_border_color=\u00bboff\u00bb border_color=\u00bb#ffffff\u00bb border_style=\u00bbsolid\u00bb input_border_radius=\u00bb0&#8243; global_colors_info=\u00bb{}\u00bb sticky_enabled=\u00bb0&#8243;][et_pb_contact_field field_id=\u00bbName\u00bb field_title=\u00bbNombre\u00bb _builder_version=\u00bb4.16&#8243; border_radii=\u00bbon|0px|0px|0px|0px\u00bb input_border_radius=\u00bb0&#8243; global_colors_info=\u00bb{}\u00bb button_text_size__hover_enabled=\u00bboff\u00bb button_one_text_size__hover_enabled=\u00bboff\u00bb button_two_text_size__hover_enabled=\u00bboff\u00bb button_text_color__hover_enabled=\u00bboff\u00bb button_one_text_color__hover_enabled=\u00bboff\u00bb button_two_text_color__hover_enabled=\u00bboff\u00bb button_border_width__hover_enabled=\u00bboff\u00bb button_one_border_width__hover_enabled=\u00bboff\u00bb button_two_border_width__hover_enabled=\u00bboff\u00bb button_border_color__hover_enabled=\u00bboff\u00bb button_one_border_color__hover_enabled=\u00bboff\u00bb button_two_border_color__hover_enabled=\u00bboff\u00bb button_border_radius__hover_enabled=\u00bboff\u00bb button_one_border_radius__hover_enabled=\u00bboff\u00bb button_two_border_radius__hover_enabled=\u00bboff\u00bb button_letter_spacing__hover_enabled=\u00bboff\u00bb button_one_letter_spacing__hover_enabled=\u00bboff\u00bb button_two_letter_spacing__hover_enabled=\u00bboff\u00bb button_bg_color__hover_enabled=\u00bboff\u00bb button_one_bg_color__hover_enabled=\u00bboff\u00bb button_two_bg_color__hover_enabled=\u00bboff\u00bb][\/et_pb_contact_field][et_pb_contact_field field_id=\u00bbEmail\u00bb field_title=\u00bbDirecci\u00f3n de correo electr\u00f3nico\u00bb field_type=\u00bbemail\u00bb _builder_version=\u00bb4.16&#8243; form_field_font=\u00bb||||\u00bb use_border_color=\u00bboff\u00bb border_style=\u00bbsolid\u00bb global_colors_info=\u00bb{}\u00bb button_text_size__hover_enabled=\u00bboff\u00bb button_one_text_size__hover_enabled=\u00bboff\u00bb button_two_text_size__hover_enabled=\u00bboff\u00bb button_text_color__hover_enabled=\u00bboff\u00bb button_one_text_color__hover_enabled=\u00bboff\u00bb button_two_text_color__hover_enabled=\u00bboff\u00bb button_border_width__hover_enabled=\u00bboff\u00bb button_one_border_width__hover_enabled=\u00bboff\u00bb button_two_border_width__hover_enabled=\u00bboff\u00bb button_border_color__hover_enabled=\u00bboff\u00bb button_one_border_color__hover_enabled=\u00bboff\u00bb button_two_border_color__hover_enabled=\u00bboff\u00bb button_border_radius__hover_enabled=\u00bboff\u00bb button_one_border_radius__hover_enabled=\u00bboff\u00bb button_two_border_radius__hover_enabled=\u00bboff\u00bb button_letter_spacing__hover_enabled=\u00bboff\u00bb button_one_letter_spacing__hover_enabled=\u00bboff\u00bb button_two_letter_spacing__hover_enabled=\u00bboff\u00bb button_bg_color__hover_enabled=\u00bboff\u00bb button_one_bg_color__hover_enabled=\u00bboff\u00bb button_two_bg_color__hover_enabled=\u00bboff\u00bb][\/et_pb_contact_field][et_pb_contact_field field_id=\u00bbMessage\u00bb field_title=\u00bbMensaje\u00bb field_type=\u00bbtext\u00bb fullwidth_field=\u00bbon\u00bb _builder_version=\u00bb4.16&#8243; border_radii=\u00bbon|0px|0px|0px|0px\u00bb input_border_radius=\u00bb0&#8243; global_colors_info=\u00bb{}\u00bb button_text_size__hover_enabled=\u00bboff\u00bb button_one_text_size__hover_enabled=\u00bboff\u00bb button_two_text_size__hover_enabled=\u00bboff\u00bb button_text_color__hover_enabled=\u00bboff\u00bb button_one_text_color__hover_enabled=\u00bboff\u00bb button_two_text_color__hover_enabled=\u00bboff\u00bb button_border_width__hover_enabled=\u00bboff\u00bb button_one_border_width__hover_enabled=\u00bboff\u00bb button_two_border_width__hover_enabled=\u00bboff\u00bb button_border_color__hover_enabled=\u00bboff\u00bb button_one_border_color__hover_enabled=\u00bboff\u00bb button_two_border_color__hover_enabled=\u00bboff\u00bb button_border_radius__hover_enabled=\u00bboff\u00bb button_one_border_radius__hover_enabled=\u00bboff\u00bb button_two_border_radius__hover_enabled=\u00bboff\u00bb button_letter_spacing__hover_enabled=\u00bboff\u00bb button_one_letter_spacing__hover_enabled=\u00bboff\u00bb button_two_letter_spacing__hover_enabled=\u00bboff\u00bb button_bg_color__hover_enabled=\u00bboff\u00bb button_one_bg_color__hover_enabled=\u00bboff\u00bb button_two_bg_color__hover_enabled=\u00bboff\u00bb][\/et_pb_contact_field][et_pb_contact_field fullwidth_field=\u00bbon\u00bb _builder_version=\u00bb4.27.4&#8243; _module_preset=\u00bbdefault\u00bb field_id=\u00bbAceptaci\u00f3n_de_aviso\u00bb field_title=\u00bb \u00bb field_type=\u00bbcheckbox\u00bb checkbox_options=\u00bb%91{%22value%22:%22 He le\u00eddo, comprendo y acepto el%22,%22checked%22:0,%22dragID%22:-1,%22link_text%22:%22 Aviso Legal y la Pol\u00edtica de Privacidad%22,%22link_url%22:%22https:\/\/www.noblezadelsur.com\/tienda\/aviso-legal\/%22}%93&#8243; hover_enabled=\u00bb0&#8243; sticky_enabled=\u00bb0&#8243;][\/et_pb_contact_field][\/et_pb_contact_form][\/et_pb_column][\/et_pb_row][\/et_pb_section]<\/p>\n","protected":false},"excerpt":{"rendered":"<p>Ctra. Sabiote, s\/n 23260Castellar, Ja\u00e9n (Espa\u00f1a)Calle Victoria, 26 (Bajo comercial)23400 \u00dabeda, Ja\u00e9n (Espa\u00f1a)ENCU\u00c9NTRANOS Oficina de \u00dabedaCalle Victoria, 26 (Bajo comercial)23400 \u00dabeda, Ja\u00e9n (Espa\u00f1a)Almazara Aceites CastellarCtra. Sabiote, s\/n23260 Castellar, Ja\u00e9n (Espa\u00f1a) (+34) 953 460 718info@noblezadelsur.com<\/p>\n","protected":false},"author":1,"featured_media":0,"parent":0,"menu_order":0,"comment_status":"closed","ping_status":"closed","template":"","meta":{"_acf_changed":false,"_et_pb_use_builder":"on","_et_pb_old_content":"","_et_gb_content_width":"","_joinchat":[],"footnotes":""},"class_list":["post-2010","page","type-page","status-publish","hentry"],"acf":[],"yoast_head":"<!-- This site is optimized with the Yoast SEO plugin v27.3 - https:\/\/yoast.com\/product\/yoast-seo-wordpress\/ -->\n<title>Contactar - NOBLEZA DEL SUR - ACEITE DE OLIVA VIRGEN EXTRA - ACEITES CASTELLAR<\/title>\n<meta name=\"robots\" content=\"index, follow, max-snippet:-1, max-image-preview:large, max-video-preview:-1\" \/>\n<link rel=\"canonical\" href=\"https:\/\/www.noblezadelsur.com\/tienda\/contactar\/\" \/>\n<meta property=\"og:locale\" content=\"es_ES\" \/>\n<meta property=\"og:type\" content=\"article\" \/>\n<meta property=\"og:title\" content=\"Contactar - NOBLEZA DEL SUR - ACEITE DE OLIVA VIRGEN EXTRA - ACEITES CASTELLAR\" \/>\n<meta property=\"og:description\" content=\"Ctra. Sabiote, s\/n 23260Castellar, Ja\u00e9n (Espa\u00f1a)Calle Victoria, 26 (Bajo comercial)23400 \u00dabeda, Ja\u00e9n (Espa\u00f1a)ENCU\u00c9NTRANOS Oficina de \u00dabedaCalle Victoria, 26 (Bajo comercial)23400 \u00dabeda, Ja\u00e9n (Espa\u00f1a)Almazara Aceites CastellarCtra. Sabiote, s\/n23260 Castellar, Ja\u00e9n (Espa\u00f1a) (+34) 953 460 718info@noblezadelsur.com\" \/>\n<meta property=\"og:url\" content=\"https:\/\/www.noblezadelsur.com\/tienda\/contactar\/\" \/>\n<meta property=\"og:site_name\" content=\"NOBLEZA DEL SUR - ACEITE DE OLIVA VIRGEN EXTRA - ACEITES CASTELLAR\" \/>\n<meta property=\"article:modified_time\" content=\"2025-08-29T11:51:05+00:00\" \/>\n<meta name=\"twitter:label1\" content=\"Tiempo de lectura\" \/>\n\t<meta name=\"twitter:data1\" content=\"1 minuto\" \/>\n<script type=\"application\/ld+json\" class=\"yoast-schema-graph\">{\"@context\":\"https:\\\/\\\/schema.org\",\"@graph\":[{\"@type\":\"WebPage\",\"@id\":\"https:\\\/\\\/www.noblezadelsur.com\\\/tienda\\\/contactar\\\/\",\"url\":\"https:\\\/\\\/www.noblezadelsur.com\\\/tienda\\\/contactar\\\/\",\"name\":\"Contactar - NOBLEZA DEL SUR - ACEITE DE OLIVA VIRGEN EXTRA - ACEITES CASTELLAR\",\"isPartOf\":{\"@id\":\"https:\\\/\\\/www.noblezadelsur.com\\\/tienda\\\/#website\"},\"datePublished\":\"2016-10-12T10:57:46+00:00\",\"dateModified\":\"2025-08-29T11:51:05+00:00\",\"breadcrumb\":{\"@id\":\"https:\\\/\\\/www.noblezadelsur.com\\\/tienda\\\/contactar\\\/#breadcrumb\"},\"inLanguage\":\"es\",\"potentialAction\":[{\"@type\":\"ReadAction\",\"target\":[\"https:\\\/\\\/www.noblezadelsur.com\\\/tienda\\\/contactar\\\/\"]}]},{\"@type\":\"BreadcrumbList\",\"@id\":\"https:\\\/\\\/www.noblezadelsur.com\\\/tienda\\\/contactar\\\/#breadcrumb\",\"itemListElement\":[{\"@type\":\"ListItem\",\"position\":1,\"name\":\"Inicio\",\"item\":\"https:\\\/\\\/www.noblezadelsur.com\\\/tienda\\\/\"},{\"@type\":\"ListItem\",\"position\":2,\"name\":\"Contactar\"}]},{\"@type\":\"WebSite\",\"@id\":\"https:\\\/\\\/www.noblezadelsur.com\\\/tienda\\\/#website\",\"url\":\"https:\\\/\\\/www.noblezadelsur.com\\\/tienda\\\/\",\"name\":\"NOBLEZA DEL SUR - ACEITE DE OLIVA VIRGEN EXTRA - ACEITES CASTELLAR\",\"description\":\"Empresa implicada en el completo proceso de obtenci\u00f3n de Aceites de Oliva Virgen Extra de excepcional calidad, nos ocupamos del cultivo de nuestros olivos, recolecci\u00f3n, elaboraci\u00f3n, almacenamiento, envasado y comercializaci\u00f3n.\",\"potentialAction\":[{\"@type\":\"SearchAction\",\"target\":{\"@type\":\"EntryPoint\",\"urlTemplate\":\"https:\\\/\\\/www.noblezadelsur.com\\\/tienda\\\/?s={search_term_string}\"},\"query-input\":{\"@type\":\"PropertyValueSpecification\",\"valueRequired\":true,\"valueName\":\"search_term_string\"}}],\"inLanguage\":\"es\"}]}<\/script>\n<!-- \/ Yoast SEO plugin. -->","yoast_head_json":{"title":"Contactar - NOBLEZA DEL SUR - ACEITE DE OLIVA VIRGEN EXTRA - ACEITES CASTELLAR","robots":{"index":"index","follow":"follow","max-snippet":"max-snippet:-1","max-image-preview":"max-image-preview:large","max-video-preview":"max-video-preview:-1"},"canonical":"https:\/\/www.noblezadelsur.com\/tienda\/contactar\/","og_locale":"es_ES","og_type":"article","og_title":"Contactar - NOBLEZA DEL SUR - ACEITE DE OLIVA VIRGEN EXTRA - ACEITES CASTELLAR","og_description":"Ctra. Sabiote, s\/n 23260Castellar, Ja\u00e9n (Espa\u00f1a)Calle Victoria, 26 (Bajo comercial)23400 \u00dabeda, Ja\u00e9n (Espa\u00f1a)ENCU\u00c9NTRANOS Oficina de \u00dabedaCalle Victoria, 26 (Bajo comercial)23400 \u00dabeda, Ja\u00e9n (Espa\u00f1a)Almazara Aceites CastellarCtra. Sabiote, s\/n23260 Castellar, Ja\u00e9n (Espa\u00f1a) (+34) 953 460 718info@noblezadelsur.com","og_url":"https:\/\/www.noblezadelsur.com\/tienda\/contactar\/","og_site_name":"NOBLEZA DEL SUR - ACEITE DE OLIVA VIRGEN EXTRA - ACEITES CASTELLAR","article_modified_time":"2025-08-29T11:51:05+00:00","twitter_misc":{"Tiempo de lectura":"1 minuto"},"schema":{"@context":"https:\/\/schema.org","@graph":[{"@type":"WebPage","@id":"https:\/\/www.noblezadelsur.com\/tienda\/contactar\/","url":"https:\/\/www.noblezadelsur.com\/tienda\/contactar\/","name":"Contactar - NOBLEZA DEL SUR - ACEITE DE OLIVA VIRGEN EXTRA - ACEITES CASTELLAR","isPartOf":{"@id":"https:\/\/www.noblezadelsur.com\/tienda\/#website"},"datePublished":"2016-10-12T10:57:46+00:00","dateModified":"2025-08-29T11:51:05+00:00","breadcrumb":{"@id":"https:\/\/www.noblezadelsur.com\/tienda\/contactar\/#breadcrumb"},"inLanguage":"es","potentialAction":[{"@type":"ReadAction","target":["https:\/\/www.noblezadelsur.com\/tienda\/contactar\/"]}]},{"@type":"BreadcrumbList","@id":"https:\/\/www.noblezadelsur.com\/tienda\/contactar\/#breadcrumb","itemListElement":[{"@type":"ListItem","position":1,"name":"Inicio","item":"https:\/\/www.noblezadelsur.com\/tienda\/"},{"@type":"ListItem","position":2,"name":"Contactar"}]},{"@type":"WebSite","@id":"https:\/\/www.noblezadelsur.com\/tienda\/#website","url":"https:\/\/www.noblezadelsur.com\/tienda\/","name":"NOBLEZA DEL SUR - ACEITE DE OLIVA VIRGEN EXTRA - ACEITES CASTELLAR","description":"Empresa implicada en el completo proceso de obtenci\u00f3n de Aceites de Oliva Virgen Extra de excepcional calidad, nos ocupamos del cultivo de nuestros olivos, recolecci\u00f3n, elaboraci\u00f3n, almacenamiento, envasado y comercializaci\u00f3n.","potentialAction":[{"@type":"SearchAction","target":{"@type":"EntryPoint","urlTemplate":"https:\/\/www.noblezadelsur.com\/tienda\/?s={search_term_string}"},"query-input":{"@type":"PropertyValueSpecification","valueRequired":true,"valueName":"search_term_string"}}],"inLanguage":"es"}]}},"_links":{"self":[{"href":"https:\/\/www.noblezadelsur.com\/tienda\/wp-json\/wp\/v2\/pages\/2010","targetHints":{"allow":["GET"]}}],"collection":[{"href":"https:\/\/www.noblezadelsur.com\/tienda\/wp-json\/wp\/v2\/pages"}],"about":[{"href":"https:\/\/www.noblezadelsur.com\/tienda\/wp-json\/wp\/v2\/types\/page"}],"author":[{"embeddable":true,"href":"https:\/\/www.noblezadelsur.com\/tienda\/wp-json\/wp\/v2\/users\/1"}],"replies":[{"embeddable":true,"href":"https:\/\/www.noblezadelsur.com\/tienda\/wp-json\/wp\/v2\/comments?post=2010"}],"version-history":[{"count":1,"href":"https:\/\/www.noblezadelsur.com\/tienda\/wp-json\/wp\/v2\/pages\/2010\/revisions"}],"predecessor-version":[{"id":102309,"href":"https:\/\/www.noblezadelsur.com\/tienda\/wp-json\/wp\/v2\/pages\/2010\/revisions\/102309"}],"wp:attachment":[{"href":"https:\/\/www.noblezadelsur.com\/tienda\/wp-json\/wp\/v2\/media?parent=2010"}],"curies":[{"name":"wp","href":"https:\/\/api.w.org\/{rel}","templated":true}]}}