{"id":803,"date":"2014-11-28T12:07:18","date_gmt":"2014-11-28T12:07:18","guid":{"rendered":"http:\/\/www.noblezadelsur.com\/politica-de-cookies-2\/"},"modified":"2016-03-29T08:36:01","modified_gmt":"2016-03-29T08:36:01","slug":"politica-de-cookies","status":"publish","type":"page","link":"https:\/\/www.noblezadelsur.com\/en\/politica-de-cookies\/","title":{"rendered":"Cookies policy"},"content":{"rendered":"<p><span style=\"text-decoration: underline;\"><strong><em>First: CONCEPT OF COOKIES <\/em><\/strong><\/span><\/p>\n<p>A cookie is a file that is downloaded to the computer \/ smartphone \/ tablet user to access certain web pages to store and retrieve information about the navigation is made from that computer.<\/p>\n<p>Technically , cookies are arbitrary pieces of data defined by the web server and sent to the browser . The browser returns to the server unchanged , reflecting a state ( memory of previous events) in the HTTP transactions that otherwise would be independent of the state.<\/p>\n<p>Without cookies, each request for a web page or a component of a site would be an isolated event , unrelated to other requests from other pages on the same site . But returning a cookie to the web server , the browser provides the server a means to relate the application of the current page with requests for previous pages. Besides being defined by a web server, cookies can also be defined by a script in a language like JavaScript if it is supported and enabled on the web browser.<\/p>\n<p>Cookies specifications suggest that browsers should support a minimum number of cookies or a minimum amount of memory to store . Specifically , it is expected that a browser is capable of storing at least 300 cookies 4 kilobytes each, and at least 20 cookies per server or domain .<\/p>\n<p>The server sets the cookie can specify a deletion date , in which case the cookie will be removed on that date. A shopping site might want to help potential customers remember the things he had in his shopping cart even if they close the browser without making a purchase and return later to avoid having to search for new products . In that case , the server would create cookie deletion date as desired by the designer of the website. If a deletion date is not set, the cookie is deleted when the user closes their browser. Therefore, set a date of deletion is a way to make the cookie survive across sessions. For this reason, dated erase cookies are called persistent.<\/p>\n<p>To learn more about cookies , we suggest that you can access the following link : http:\/\/www.iabspain.net\/privacidadeninternet\/usuario.<\/p>\n<p><span style=\"text-decoration: underline;\"><strong><em>Second COOKIES USING THE WEBSITE<\/em><\/strong><\/span><\/p>\n<p>In this website the following cookies that are detailed in the following table:<\/p>\n<p><strong>YOUR COOKIES<\/strong><\/p>\n<p>A continuaci\u00f3n se muestran las cookies que son fijadas por el sitio web y la finalidad para la que se utiliza cada una:<\/p>\n<p>Cookies t\u00e9cnicas: Las cookies t\u00e9cnicas son aquellas imprescindibles y estrictamente necesarias para el correcto funcionamiento de un portal web y la utilizaci\u00f3n de las diferentes opciones y servicios que ofrece. Por ejemplo, las que sirven para el mantenimiento de la sesi\u00f3n, la gesti\u00f3n del tiempo de respuesta, rendimiento o validaci\u00f3n de opciones, utilizar elementos de seguridad, compartir contenido con redes sociales, etc.<\/p>\n<p>Cookies de personalizaci\u00f3n: Estas cookies permiten al usuario especificar o personalizar algunas caracter\u00edsticas de las opciones generales de la p\u00e1gina web. Por ejemplo, definir el idioma, configuraci\u00f3n regional o tipo de navegador.<\/p>\n<p><strong>THIRD PARTY COOKIES<\/strong><\/p>\n<p>Existen una serie de proveedores que establecen las cookies con el fin de proporcionar determinados servicios. Seguidamente se muestran cookies que se establecen por parte de terceros, los fines para los que se utilizan y los enlaces a p\u00e1ginas web donde se puede encontrar m\u00e1s informaci\u00f3n sobre las cookies:<\/p>\n<ul>\n<li>Cookies anal\u00edticas: Las cookies de Google Analytics se utilizan con el fin de analizar y medir c\u00f3mo los visitantes usan este sitio web. La informaci\u00f3n sirve para elaborar informes que permiten mejorar este sitio. Estas cookies recopilan informaci\u00f3n en forma an\u00f3nima, incluyendo el n\u00famero de visitantes al sitio, c\u00f3mo han llegado al mismo y las p\u00e1ginas que visit\u00f3 mientras navegaba en nuestro sitio web. <a href=\"https:\/\/www.google.com\/analytics\/learn\/privacy.html\" target=\"_blank\">https:\/\/www.google.com\/analytics\/learn\/privacy.html<br \/>\n<\/a>Las cookies de Youtube se utilizan para contabilizar el n\u00famero de visualizaciones de los videos incrustados en otras web. <a href=\"https:\/\/support.google.com\/youtube\/answer\/2407785?hl=es-419\" target=\"_blank\">https:\/\/support.google.com\/youtube\/answer\/2407785?hl=es-419<\/a><\/li>\n<li>Cookies t\u00e9cnicas: AddThis es una empresa tecnol\u00f3gica que permite a los sitios web y a sus usuarios compartir f\u00e1cilmente el contenido con los dem\u00e1s, a trav\u00e9s de iconos de intercambio y de los destinos de bookmarking social. Las cookies AddThis se utilizan con el fin de habilitar el contenido para ser compartido. AddThis tambi\u00e9n se utiliza para recopilar informaci\u00f3n sobre c\u00f3mo se comparte contenido del sitio web. Las cookies ayudan a identificar de forma \u00fanica a un usuario (aunque no de forma personal, sino en cuanto a direcci\u00f3n) para no repetir tareas dentro de un periodo de tiempo especificado. <a href=\"http:\/\/www.addthis.com\/privacy\" target=\"_blank\">http:\/\/www.addthis.com\/privacy<br \/>\n<\/a>Linkedin: <a href=\"http:\/\/es.linkedin.com\/legal\/cookie-policy\" target=\"_blank\">http:\/\/es.linkedin.com\/legal\/cookie-policy<\/a><\/li>\n<li>Cookies de personalizaci\u00f3n: Estas cookies permiten al usuario especificar o personalizar algunas caracter\u00edsticas de las opciones generales de la p\u00e1gina web. Por ejemplo, definir el idioma, configuraci\u00f3n regional o tipo de navegador.<br \/>\nAddthis: <a href=\"http:\/\/www.addthis.com\/privacy\" target=\"_blank\">http:\/\/www.addthis.com\/privacy<br \/>\n<\/a>Facebook: <a href=\"https:\/\/es-es.facebook.com\/help\/cookies\" target=\"_blank\">https:\/\/es-es.facebook.com\/help\/cookies<br \/>\n<\/a>Google: <a href=\"http:\/\/www.google.es\/intl\/es\/policies\/technologies\/types\" target=\"_blank\">http:\/\/www.google.es\/intl\/es\/policies\/technologies\/types<br \/>\n<\/a>YouTube: <a href=\"https:\/\/support.google.com\/youtube\/answer\/2407785?hl=es-419\" target=\"_blank\">https:\/\/support.google.com\/youtube\/answer\/2407785?hl=es-419<\/a><\/li>\n<\/ul>\n<p><span style=\"text-decoration: underline;\"><strong><em>Third: DISABLING COOKIES<\/em><\/strong><\/span><\/p>\n<p>The information collected through these cookies , relative to the user&#8217;s computer may be combined with your personal data only if you are registered on this site . The user may , at any time , choose which cookies you want to work on this website by and can disable Cookies:<\/p>\n<p><a href=\"http:\/\/windows.microsoft.com\/es-es\/windows-vista\/block-or-allow-cookies\" target=\"_blank\">Configuraci\u00f3n de cookies de Internet Explorer<br \/>\n<\/a><a href=\"https:\/\/support.mozilla.org\/es\/kb\/habilitar-y-deshabilitar-cookies-que-los-sitios-we\" target=\"_blank\">Configuraci\u00f3n de cookies de Firefox<br \/>\n<\/a><a href=\"https:\/\/support.google.com\/chrome\/answer\/95647?hl=es\" target=\"_blank\">Configuraci\u00f3n de cookies de Google Chrome<br \/>\n<\/a><a href=\"http:\/\/support.apple.com\/kb\/HT1677?viewlocale=es_ES&amp;locale=es_ES\" target=\"_blank\">Configuraci\u00f3n de cookies de Safari<\/a><\/p>\n<p><strong>Aceites Castellar SL\u00a0<\/strong>no es titular ni patrocina los enlaces indicados anteriormente, por lo que no asume responsabilidad alguna sobre su contenido ni sobre su actualizaci\u00f3n. El usuario puede revocar su consentimiento para el uso de cookies en su navegador pulsando en los siguientes enlaces:<\/p>\n<p><a href=\"http:\/\/www.addthis.com\/privacy\/opt-out#.Ul6gzlC9kWY\" target=\"_blank\">Addthis<br \/>\n<\/a><a href=\"https:\/\/tools.google.com\/dlpage\/gaoptout?hl=None\" target=\"_blank\">Google Analytics<br \/>\n<\/a><a href=\"http:\/\/www.google.com\/settings\/ads\/plugin\" target=\"_blank\">YouTube<br \/>\n<\/a><a href=\"https:\/\/www.linkedin.com\/reg\/join?trk=login_reg_redirect&amp;session_redirect=https%3A%2F%2Fwww.linkedin.com%2Fsettings%2F\" target=\"_blank\">Linkedin<\/a><\/p>\n<p>Google: A trav\u00e9s de los ajustes de cada navegador m\u00e1s arriba indicados para la desactivaci\u00f3n o eliminaci\u00f3n de cookies.<br \/>\nFacebook: A trav\u00e9s de los ajustes de cada navegador m\u00e1s arriba indicados para la desactivaci\u00f3n o eliminaci\u00f3n de cookies.<\/p>\n<p><span style=\"text-decoration: underline;\"><strong><em>Fourth : CHANGES IN POLICY COOKIES<\/em><\/strong><\/span><\/p>\n<p>We may update the Policy Cookies from our Site, and we recommend you review this policy whenever you visit our Web site in order to be properly informed about how and why we use cookies.<\/p>\n","protected":false},"excerpt":{"rendered":"<p>First: CONCEPT OF COOKIES A cookie is a file that is downloaded to the computer \/ smartphone \/ tablet user to access certain web pages to store and retrieve information about the navigation is made from that computer. Technically , cookies are arbitrary pieces of data defined by the web server and sent to the [&hellip;]<\/p>\n","protected":false},"author":1,"featured_media":0,"parent":0,"menu_order":0,"comment_status":"closed","ping_status":"closed","template":"","meta":{"_acf_changed":false,"_et_pb_use_builder":"","_et_pb_old_content":"","_et_gb_content_width":"","footnotes":""},"class_list":["post-803","page","type-page","status-publish","hentry"],"acf":[],"_links":{"self":[{"href":"https:\/\/www.noblezadelsur.com\/en\/wp-json\/wp\/v2\/pages\/803","targetHints":{"allow":["GET"]}}],"collection":[{"href":"https:\/\/www.noblezadelsur.com\/en\/wp-json\/wp\/v2\/pages"}],"about":[{"href":"https:\/\/www.noblezadelsur.com\/en\/wp-json\/wp\/v2\/types\/page"}],"author":[{"embeddable":true,"href":"https:\/\/www.noblezadelsur.com\/en\/wp-json\/wp\/v2\/users\/1"}],"replies":[{"embeddable":true,"href":"https:\/\/www.noblezadelsur.com\/en\/wp-json\/wp\/v2\/comments?post=803"}],"version-history":[{"count":0,"href":"https:\/\/www.noblezadelsur.com\/en\/wp-json\/wp\/v2\/pages\/803\/revisions"}],"wp:attachment":[{"href":"https:\/\/www.noblezadelsur.com\/en\/wp-json\/wp\/v2\/media?parent=803"}],"curies":[{"name":"wp","href":"https:\/\/api.w.org\/{rel}","templated":true}]}}